{"id":488,"date":"2021-12-24T00:05:24","date_gmt":"2021-12-24T00:05:24","guid":{"rendered":"https:\/\/iptvfreesat.com\/en\/?page_id=488"},"modified":"2021-12-24T04:28:15","modified_gmt":"2021-12-24T04:28:15","slug":"download-france-free-iptv-m3u","status":"publish","type":"page","link":"https:\/\/iptvfreesat.com\/en\/download-france-free-iptv-m3u\/","title":{"rendered":"Download France Free Iptv M3u"},"content":{"rendered":"\n<p>France tv is a french channel that broadcasts news, movies, shows and documentaries. The channel&rsquo;s audience is composed mostly of people in France but its viewers also come from France&rsquo;s bordering countries such as Belgium and Switzerland.<\/p>\n\n\n\n<p>Millions of people around the world watch french television. France is home to many renowned tv shows and films. Although most people are familiar with their famous tv stars, it&rsquo;s not always easy for a French person or even a French-speaking person to understand why people watch their television rather than others. Here are some reasons why people like to watch france tv.<\/p>\n\n\n\n<p>As the number of channels on tv continues to rise, it&rsquo;s natural that people are beginning to seek other forms of entertainment. France TV is a channel dedicated to bringing you some of the best international tv programming from France and around the world.<\/p>\n\n\n\n<h2 class=\"has-text-align-center has-vivid-cyan-blue-color has-text-color wp-block-heading\">Free iptv m3u<\/h2>\n\n\n\n<amp-ad width=\"100vw\" height=\"320\" type=\"adsense\" data-ad-client=\"ca-pub-5448370054326608\" data-ad-slot=\"2859094257\" data-auto-format=\"rspv\" data-full-width=\"\">\n  <div overflow=\"\"><\/div>\n<\/amp-ad>\n\n\n\n<script async=\"\" src=\"https:\/\/pagead2.googlesyndication.com\/pagead\/js\/adsbygoogle.js?client=ca-pub-5448370054326608\" crossorigin=\"anonymous\"><\/script>\n<!-- iptv free 2021 horiz -->\n<ins class=\"adsbygoogle\" style=\"display:block\" data-ad-client=\"ca-pub-5448370054326608\" data-ad-slot=\"2859094257\" data-ad-format=\"auto\" data-full-width-responsive=\"true\"><\/ins>\n<script>\n     (adsbygoogle = window.adsbygoogle || []).push({});\n<\/script>\n\n\n\n<p>France Free iptv m3u available to download from this service.To announce that all free iptv playlists are well tested and working all time.<\/p>\n\n\n\n<div class=\"wp-block-image is-style-rounded\"><figure class=\"aligncenter size-full is-resized\"><a href=\"https:\/\/iptvfreesat.com\/en\/france-iptv-m3u-playlists-today\/\"><img loading=\"lazy\" decoding=\"async\" src=\"https:\/\/iptvfreesat.com\/en\/wp-content\/uploads\/2021\/10\/iptv-m3u-to-watch-france-tv-channels.png\" alt=\"iptv m3u to watch france tv channels daily.\" class=\"wp-image-489\" width=\"387\" height=\"178\" srcset=\"https:\/\/iptvfreesat.com\/en\/wp-content\/uploads\/2021\/10\/iptv-m3u-to-watch-france-tv-channels.png 331w, https:\/\/iptvfreesat.com\/en\/wp-content\/uploads\/2021\/10\/iptv-m3u-to-watch-france-tv-channels-300x138.png 300w\" sizes=\"auto, (max-width: 387px) 100vw, 387px\" \/><\/a><figcaption>France iptv m3u<\/figcaption><\/figure><\/div>\n\n\n\n<amp-ad width=\"100vw\" height=\"320\" type=\"adsense\" data-ad-client=\"ca-pub-5448370054326608\" data-ad-slot=\"2859094257\" data-auto-format=\"rspv\" data-full-width=\"\">\n  <div overflow=\"\"><\/div>\n<\/amp-ad>\n\n\n\n<script async=\"\" src=\"https:\/\/pagead2.googlesyndication.com\/pagead\/js\/adsbygoogle.js?client=ca-pub-5448370054326608\" crossorigin=\"anonymous\"><\/script>\n<!-- iptv free 2021 horiz -->\n<ins class=\"adsbygoogle\" style=\"display:block\" data-ad-client=\"ca-pub-5448370054326608\" data-ad-slot=\"2859094257\" data-ad-format=\"auto\" data-full-width-responsive=\"true\"><\/ins>\n<script>\n     (adsbygoogle = window.adsbygoogle || []).push({});\n<\/script>\n\n\n\n<h2 class=\"has-text-align-center has-vivid-cyan-blue-color has-text-color wp-block-heading\">Free iptv playlists France TV channels<\/h2>\n\n\n\n<amp-ad width=\"100vw\" height=\"320\" type=\"adsense\" data-ad-client=\"ca-pub-5448370054326608\" data-ad-slot=\"2859094257\" data-auto-format=\"rspv\" data-full-width=\"\">\n  <div overflow=\"\"><\/div>\n<\/amp-ad>\n\n\n\n<script async=\"\" src=\"https:\/\/pagead2.googlesyndication.com\/pagead\/js\/adsbygoogle.js?client=ca-pub-5448370054326608\" crossorigin=\"anonymous\"><\/script>\n<!-- iptv free 2021 horiz -->\n<ins class=\"adsbygoogle\" style=\"display:block\" data-ad-client=\"ca-pub-5448370054326608\" data-ad-slot=\"2859094257\" data-ad-format=\"auto\" data-full-width-responsive=\"true\"><\/ins>\n<script>\n     (adsbygoogle = window.adsbygoogle || []).push({});\n<\/script>\n\n\n\n<p>Once you download the list please use a media player to run the file.You have many choices of free media players among them VLV media player which is the best and free to use.<\/p>\n\n\n\n<p class=\"has-text-align-center has-vivid-cyan-blue-color has-text-color\" style=\"font-size:25px\"><strong><a href=\"https:\/\/www.mediafire.com\/file\/v7xzmx0rd3wxu7k\/France.zip\/file\" target=\"_blank\" rel=\"noreferrer noopener\">Download free iptv links France<\/a><\/strong><\/p>\n\n\n\n<amp-ad width=\"100vw\" height=\"320\" type=\"adsense\" data-ad-client=\"ca-pub-5448370054326608\" data-ad-slot=\"2859094257\" data-auto-format=\"rspv\" data-full-width=\"\">\n  <div overflow=\"\"><\/div>\n<\/amp-ad>\n\n\n\n<script async=\"\" src=\"https:\/\/pagead2.googlesyndication.com\/pagead\/js\/adsbygoogle.js?client=ca-pub-5448370054326608\" crossorigin=\"anonymous\"><\/script>\n<!-- iptv free 2021 horiz -->\n<ins class=\"adsbygoogle\" style=\"display:block\" data-ad-client=\"ca-pub-5448370054326608\" data-ad-slot=\"2859094257\" data-ad-format=\"auto\" data-full-width-responsive=\"true\"><\/ins>\n<script>\n     (adsbygoogle = window.adsbygoogle || []).push({});\n<\/script>\n\n\n\n<p>Free France iptv server free playlists . The most recent free m3u files for today with the latest working servers for all required French channels, you will find in this list an amazing list and the required bouquets: cultural bouquets \u2013 entertainment \u2013 sports \u2013 culture \u2013 cinema \u2013 movies, and more for a long time without any bad interruption during the display on any of your device.<\/p>\n\n\n\n<p>The list free french iptv shared contains hundreds of iptv channels such as :<\/p>\n\n\n\n<p><strong>France 2<\/strong>&nbsp;\u2013&nbsp;<strong>France 3<\/strong>&nbsp;\u2013&nbsp;<strong>France 4<\/strong>&nbsp;\u2013&nbsp;<strong>France 5<\/strong>&nbsp;\u2013&nbsp;<strong>France tv Slash<\/strong>&nbsp;\u2013&nbsp;<strong>la 1\u00e8re<\/strong>&nbsp;\u2013&nbsp;<strong>le replay de France 2<\/strong>&nbsp;\u2013&nbsp;<strong>le replay de France 3<\/strong>&nbsp;\u2013&nbsp;<strong>le replay de la 1\u00e8re<\/strong>&nbsp;\u2013&nbsp;<strong>le replay de France info<\/strong>&nbsp;\u2013&nbsp;<strong>le replay de France tv Slash<\/strong>&nbsp;\u2013&nbsp;<strong>le replay de France 5<\/strong>&nbsp;\u2013&nbsp;<strong>le replay de France 4<\/strong>&nbsp;.<\/p>\n\n\n\n<div class=\"wp-block-image\"><figure class=\"aligncenter size-full\"><img loading=\"lazy\" decoding=\"async\" width=\"509\" height=\"339\" src=\"https:\/\/iptvfreesat.com\/en\/wp-content\/uploads\/2021\/10\/Free-iptv-m3u-3.jpg\" alt=\"\" class=\"wp-image-490\" srcset=\"https:\/\/iptvfreesat.com\/en\/wp-content\/uploads\/2021\/10\/Free-iptv-m3u-3.jpg 509w, https:\/\/iptvfreesat.com\/en\/wp-content\/uploads\/2021\/10\/Free-iptv-m3u-3-300x200.jpg 300w\" sizes=\"auto, (max-width: 509px) 100vw, 509px\" \/><figcaption>Free iptv m3u<\/figcaption><\/figure><\/div>\n\n\n\n<p>Even on the iptv worldwide section the users can find the France iptv m3u.We organized the worldwide iptv section and put the most wanted free iptv links worldwide.<\/p>\n\n\n\n<p>You can visit you main landing page any time to choose whats best for you.<\/p>\n\n\n\n<h2 class=\"has-text-align-center has-vivid-cyan-blue-color has-text-color wp-block-heading\">France Tv channels Benefits<\/h2>\n\n\n\n<p>France is a beautiful country that has a lot to offer. If you happen to be someone who speaks the language, then you&rsquo;re in for a really special experience. French TV can give you a sense of the culture and the people with its inclusive programming. It&rsquo;s also an enriching medium because, as most people know, French is a relatively unknown language. There are lots of shows on France TV that are available for streaming on-demand.<\/p>\n\n\n\n<amp-ad width=\"100vw\" height=\"320\" type=\"adsense\" data-ad-client=\"ca-pub-5448370054326608\" data-ad-slot=\"2859094257\" data-auto-format=\"rspv\" data-full-width=\"\">\n  <div overflow=\"\"><\/div>\n<\/amp-ad>\n\n\n\n<script async=\"\" src=\"https:\/\/pagead2.googlesyndication.com\/pagead\/js\/adsbygoogle.js?client=ca-pub-5448370054326608\" crossorigin=\"anonymous\"><\/script>\n<!-- iptv free 2021 horiz -->\n<ins class=\"adsbygoogle\" style=\"display:block\" data-ad-client=\"ca-pub-5448370054326608\" data-ad-slot=\"2859094257\" data-ad-format=\"auto\" data-full-width-responsive=\"true\"><\/ins>\n<script>\n     (adsbygoogle = window.adsbygoogle || []).push({});\n<\/script>\n\n\n\n<p>France Television (T\u00e9l\u00e9vision Fran\u00e7aise 1) is the primary French public broadcasting channel. Launched in 1967, TF1&rsquo;s primary audiovisual offerings include classic and popular children\u2019s television shows (such as \u00ab\u00a0The Smurfs\u00a0\u00bb), live coverage of major national events (France&rsquo;s World Cup victory in 1998), and news programming during prime time hours.<\/p>\n\n\n\n<p>France TV is a television network in France run by the public broadcasting organization, France T\u00e9l\u00e9visions. The channel was launched in 1959 and is currently possessed by the Government of France. The channel was launched in part because of French desires to have a voice on the world stage, and also to show people that there were other sides to life besides just what happened in England or America.<\/p>\n\n\n\n<p>To watch cable TV is to be a subscriber of a service provider. They provide the infrastructure and the means to transmit video-signal from their facilities to your home. A propos de France T\u00e9l\u00e9visions<\/p>\n","protected":false},"excerpt":{"rendered":"<p>France tv is a french channel that broadcasts news, movies, shows and documentaries. The channel&rsquo;s audience is composed mostly of people in France but its&hellip;<\/p>\n","protected":false},"author":1,"featured_media":0,"parent":0,"menu_order":0,"comment_status":"closed","ping_status":"closed","template":"","meta":{"footnotes":""},"class_list":["post-488","page","type-page","status-publish","hentry"],"yoast_head":"<!-- This site is optimized with the Yoast SEO plugin v27.2 - https:\/\/yoast.com\/product\/yoast-seo-wordpress\/ -->\n<title>Download France Free Iptv M3u<\/title>\n<meta name=\"description\" content=\"Free iptv m3u france ,best free iptv playlists to download to watch France channels.The free iptv links shared are tested and renewed daily.\" \/>\n<meta name=\"robots\" content=\"index, follow, max-snippet:-1, max-image-preview:large, max-video-preview:-1\" \/>\n<link rel=\"canonical\" href=\"https:\/\/iptvfreesat.com\/en\/download-france-free-iptv-m3u\/\" \/>\n<meta property=\"og:locale\" content=\"fr_FR\" \/>\n<meta property=\"og:type\" content=\"article\" \/>\n<meta property=\"og:title\" content=\"Download France Free Iptv M3u\" \/>\n<meta property=\"og:description\" content=\"Free iptv m3u france ,best free iptv playlists to download to watch France channels.The free iptv links shared are tested and renewed daily.\" \/>\n<meta property=\"og:url\" content=\"https:\/\/iptvfreesat.com\/en\/download-france-free-iptv-m3u\/\" \/>\n<meta property=\"og:site_name\" content=\"Free iptv M3u Daily Iptv List\" \/>\n<meta property=\"article:modified_time\" content=\"2021-12-24T04:28:15+00:00\" \/>\n<meta property=\"og:image\" content=\"https:\/\/iptvfreesat.com\/en\/wp-content\/uploads\/2021\/10\/iptv-m3u-to-watch-france-tv-channels.png\" \/>\n<meta name=\"twitter:card\" content=\"summary_large_image\" \/>\n<meta name=\"twitter:label1\" content=\"Dur\u00e9e de lecture est.\" \/>\n\t<meta name=\"twitter:data1\" content=\"4 minutes\" \/>\n<script type=\"application\/ld+json\" class=\"yoast-schema-graph\">{\"@context\":\"https:\/\/schema.org\",\"@graph\":[{\"@type\":\"WebPage\",\"@id\":\"https:\/\/iptvfreesat.com\/en\/download-france-free-iptv-m3u\/\",\"url\":\"https:\/\/iptvfreesat.com\/en\/download-france-free-iptv-m3u\/\",\"name\":\"Download France Free Iptv M3u\",\"isPartOf\":{\"@id\":\"https:\/\/iptvfreesat.com\/en\/#website\"},\"primaryImageOfPage\":{\"@id\":\"https:\/\/iptvfreesat.com\/en\/download-france-free-iptv-m3u\/#primaryimage\"},\"image\":{\"@id\":\"https:\/\/iptvfreesat.com\/en\/download-france-free-iptv-m3u\/#primaryimage\"},\"thumbnailUrl\":\"https:\/\/iptvfreesat.com\/en\/wp-content\/uploads\/2021\/10\/iptv-m3u-to-watch-france-tv-channels.png\",\"datePublished\":\"2021-12-24T00:05:24+00:00\",\"dateModified\":\"2021-12-24T04:28:15+00:00\",\"description\":\"Free iptv m3u france ,best free iptv playlists to download to watch France channels.The free iptv links shared are tested and renewed daily.\",\"breadcrumb\":{\"@id\":\"https:\/\/iptvfreesat.com\/en\/download-france-free-iptv-m3u\/#breadcrumb\"},\"inLanguage\":\"fr-FR\",\"potentialAction\":[{\"@type\":\"ReadAction\",\"target\":[\"https:\/\/iptvfreesat.com\/en\/download-france-free-iptv-m3u\/\"]}]},{\"@type\":\"ImageObject\",\"inLanguage\":\"fr-FR\",\"@id\":\"https:\/\/iptvfreesat.com\/en\/download-france-free-iptv-m3u\/#primaryimage\",\"url\":\"https:\/\/iptvfreesat.com\/en\/wp-content\/uploads\/2021\/10\/iptv-m3u-to-watch-france-tv-channels.png\",\"contentUrl\":\"https:\/\/iptvfreesat.com\/en\/wp-content\/uploads\/2021\/10\/iptv-m3u-to-watch-france-tv-channels.png\",\"width\":331,\"height\":152},{\"@type\":\"BreadcrumbList\",\"@id\":\"https:\/\/iptvfreesat.com\/en\/download-france-free-iptv-m3u\/#breadcrumb\",\"itemListElement\":[{\"@type\":\"ListItem\",\"position\":1,\"name\":\"Accueil\",\"item\":\"https:\/\/iptvfreesat.com\/en\/\"},{\"@type\":\"ListItem\",\"position\":2,\"name\":\"Download France Free Iptv M3u\"}]},{\"@type\":\"WebSite\",\"@id\":\"https:\/\/iptvfreesat.com\/en\/#website\",\"url\":\"https:\/\/iptvfreesat.com\/en\/\",\"name\":\"Free iptv M3u Daily Iptv List\",\"description\":\"Free Iptv M3u  Worldwide\",\"publisher\":{\"@id\":\"https:\/\/iptvfreesat.com\/en\/#organization\"},\"potentialAction\":[{\"@type\":\"SearchAction\",\"target\":{\"@type\":\"EntryPoint\",\"urlTemplate\":\"https:\/\/iptvfreesat.com\/en\/?s={search_term_string}\"},\"query-input\":{\"@type\":\"PropertyValueSpecification\",\"valueRequired\":true,\"valueName\":\"search_term_string\"}}],\"inLanguage\":\"fr-FR\"},{\"@type\":\"Organization\",\"@id\":\"https:\/\/iptvfreesat.com\/en\/#organization\",\"name\":\"Free iptv M3u Daily Iptv List\",\"url\":\"https:\/\/iptvfreesat.com\/en\/\",\"logo\":{\"@type\":\"ImageObject\",\"inLanguage\":\"fr-FR\",\"@id\":\"https:\/\/iptvfreesat.com\/en\/#\/schema\/logo\/image\/\",\"url\":\"https:\/\/iptvfreesat.com\/en\/wp-content\/uploads\/2021\/03\/cropped-Free-iptv-m3u-updated.jpg\",\"contentUrl\":\"https:\/\/iptvfreesat.com\/en\/wp-content\/uploads\/2021\/03\/cropped-Free-iptv-m3u-updated.jpg\",\"width\":1200,\"height\":828,\"caption\":\"Free iptv  M3u Daily Iptv List\"},\"image\":{\"@id\":\"https:\/\/iptvfreesat.com\/en\/#\/schema\/logo\/image\/\"}}]}<\/script>\n<!-- \/ Yoast SEO plugin. -->","yoast_head_json":{"title":"Download France Free Iptv M3u","description":"Free iptv m3u france ,best free iptv playlists to download to watch France channels.The free iptv links shared are tested and renewed daily.","robots":{"index":"index","follow":"follow","max-snippet":"max-snippet:-1","max-image-preview":"max-image-preview:large","max-video-preview":"max-video-preview:-1"},"canonical":"https:\/\/iptvfreesat.com\/en\/download-france-free-iptv-m3u\/","og_locale":"fr_FR","og_type":"article","og_title":"Download France Free Iptv M3u","og_description":"Free iptv m3u france ,best free iptv playlists to download to watch France channels.The free iptv links shared are tested and renewed daily.","og_url":"https:\/\/iptvfreesat.com\/en\/download-france-free-iptv-m3u\/","og_site_name":"Free iptv M3u Daily Iptv List","article_modified_time":"2021-12-24T04:28:15+00:00","og_image":[{"url":"https:\/\/iptvfreesat.com\/en\/wp-content\/uploads\/2021\/10\/iptv-m3u-to-watch-france-tv-channels.png","type":"","width":"","height":""}],"twitter_card":"summary_large_image","twitter_misc":{"Dur\u00e9e de lecture est.":"4 minutes"},"schema":{"@context":"https:\/\/schema.org","@graph":[{"@type":"WebPage","@id":"https:\/\/iptvfreesat.com\/en\/download-france-free-iptv-m3u\/","url":"https:\/\/iptvfreesat.com\/en\/download-france-free-iptv-m3u\/","name":"Download France Free Iptv M3u","isPartOf":{"@id":"https:\/\/iptvfreesat.com\/en\/#website"},"primaryImageOfPage":{"@id":"https:\/\/iptvfreesat.com\/en\/download-france-free-iptv-m3u\/#primaryimage"},"image":{"@id":"https:\/\/iptvfreesat.com\/en\/download-france-free-iptv-m3u\/#primaryimage"},"thumbnailUrl":"https:\/\/iptvfreesat.com\/en\/wp-content\/uploads\/2021\/10\/iptv-m3u-to-watch-france-tv-channels.png","datePublished":"2021-12-24T00:05:24+00:00","dateModified":"2021-12-24T04:28:15+00:00","description":"Free iptv m3u france ,best free iptv playlists to download to watch France channels.The free iptv links shared are tested and renewed daily.","breadcrumb":{"@id":"https:\/\/iptvfreesat.com\/en\/download-france-free-iptv-m3u\/#breadcrumb"},"inLanguage":"fr-FR","potentialAction":[{"@type":"ReadAction","target":["https:\/\/iptvfreesat.com\/en\/download-france-free-iptv-m3u\/"]}]},{"@type":"ImageObject","inLanguage":"fr-FR","@id":"https:\/\/iptvfreesat.com\/en\/download-france-free-iptv-m3u\/#primaryimage","url":"https:\/\/iptvfreesat.com\/en\/wp-content\/uploads\/2021\/10\/iptv-m3u-to-watch-france-tv-channels.png","contentUrl":"https:\/\/iptvfreesat.com\/en\/wp-content\/uploads\/2021\/10\/iptv-m3u-to-watch-france-tv-channels.png","width":331,"height":152},{"@type":"BreadcrumbList","@id":"https:\/\/iptvfreesat.com\/en\/download-france-free-iptv-m3u\/#breadcrumb","itemListElement":[{"@type":"ListItem","position":1,"name":"Accueil","item":"https:\/\/iptvfreesat.com\/en\/"},{"@type":"ListItem","position":2,"name":"Download France Free Iptv M3u"}]},{"@type":"WebSite","@id":"https:\/\/iptvfreesat.com\/en\/#website","url":"https:\/\/iptvfreesat.com\/en\/","name":"Free iptv M3u Daily Iptv List","description":"Free Iptv M3u  Worldwide","publisher":{"@id":"https:\/\/iptvfreesat.com\/en\/#organization"},"potentialAction":[{"@type":"SearchAction","target":{"@type":"EntryPoint","urlTemplate":"https:\/\/iptvfreesat.com\/en\/?s={search_term_string}"},"query-input":{"@type":"PropertyValueSpecification","valueRequired":true,"valueName":"search_term_string"}}],"inLanguage":"fr-FR"},{"@type":"Organization","@id":"https:\/\/iptvfreesat.com\/en\/#organization","name":"Free iptv M3u Daily Iptv List","url":"https:\/\/iptvfreesat.com\/en\/","logo":{"@type":"ImageObject","inLanguage":"fr-FR","@id":"https:\/\/iptvfreesat.com\/en\/#\/schema\/logo\/image\/","url":"https:\/\/iptvfreesat.com\/en\/wp-content\/uploads\/2021\/03\/cropped-Free-iptv-m3u-updated.jpg","contentUrl":"https:\/\/iptvfreesat.com\/en\/wp-content\/uploads\/2021\/03\/cropped-Free-iptv-m3u-updated.jpg","width":1200,"height":828,"caption":"Free iptv  M3u Daily Iptv List"},"image":{"@id":"https:\/\/iptvfreesat.com\/en\/#\/schema\/logo\/image\/"}}]}},"_hostinger_reach_plugin_has_subscription_block":false,"_hostinger_reach_plugin_is_elementor":false,"amp_enabled":true,"_links":{"self":[{"href":"https:\/\/iptvfreesat.com\/en\/wp-json\/wp\/v2\/pages\/488","targetHints":{"allow":["GET"]}}],"collection":[{"href":"https:\/\/iptvfreesat.com\/en\/wp-json\/wp\/v2\/pages"}],"about":[{"href":"https:\/\/iptvfreesat.com\/en\/wp-json\/wp\/v2\/types\/page"}],"author":[{"embeddable":true,"href":"https:\/\/iptvfreesat.com\/en\/wp-json\/wp\/v2\/users\/1"}],"replies":[{"embeddable":true,"href":"https:\/\/iptvfreesat.com\/en\/wp-json\/wp\/v2\/comments?post=488"}],"version-history":[{"count":5,"href":"https:\/\/iptvfreesat.com\/en\/wp-json\/wp\/v2\/pages\/488\/revisions"}],"predecessor-version":[{"id":1342,"href":"https:\/\/iptvfreesat.com\/en\/wp-json\/wp\/v2\/pages\/488\/revisions\/1342"}],"wp:attachment":[{"href":"https:\/\/iptvfreesat.com\/en\/wp-json\/wp\/v2\/media?parent=488"}],"curies":[{"name":"wp","href":"https:\/\/api.w.org\/{rel}","templated":true}]}}